{"id":13913,"date":"2025-08-28T13:54:31","date_gmt":"2025-08-28T11:54:31","guid":{"rendered":"https:\/\/www.getariakotxakolina.eus\/enoturismoa\/"},"modified":"2025-12-20T12:42:59","modified_gmt":"2025-12-20T11:42:59","slug":"tourisme-du-vin","status":"publish","type":"page","link":"https:\/\/www.getariakotxakolina.eus\/fr\/tourisme-du-vin\/","title":{"rendered":"Tourisme du Vin"},"content":{"rendered":"<div class=\"gb-container gb-container-b6cce23f\">\n<div class=\"gb-container gb-container-6644e908\">\n\n<h1 class=\"gb-headline gb-headline-b06ece17 gb-headline-text h1-paginas-fondo-blanco\">Tourisme du Vin<\/h1>\n\n<\/div>\n<\/div>\n\n<div class=\"gb-container gb-container-3045d3a3\">\n<div class=\"gb-container gb-container-a0b65cbc\">\n\n<div class=\"gb-grid-wrapper gb-grid-wrapper-0d42dbf1 gb-query-loop-wrapper\">\n<div class=\"gb-grid-column gb-grid-column-6167910a gb-query-loop-item post-13757 post type-post status-publish format-standard has-post-thumbnail hentry category-enoturismoa\"><div class=\"gb-container gb-container-6167910a\">\n<div class=\"gb-container gb-container-1f6d44e7\" style=\"background-image: url(https:\/\/www.getariakotxakolina.eus\/wp-content\/uploads\/2023\/02\/Quelles-caves-de-txakoli-de-Getaria-est-il-possible-de-visiter.jpg);\"><\/div>\n\n<div class=\"gb-container gb-container-6c58321f\">\n<h3 class=\"gb-headline gb-headline-e77d6ac6 gb-headline-text titulo-blog-cajas\"><a href=\"https:\/\/www.getariakotxakolina.eus\/fr\/visite-caves-de-txakoli-de-getaria\/\">Quelles caves de txakoli de Getaria est-il possible de visiter?<\/a><\/h3>\n\n<p class=\"gb-headline gb-headline-97d1a78b gb-headline-text texto-extracto-blog\">Le territoire de Gipuzkoa fait partie des destinations pr\u00e9f\u00e9r\u00e9es des oenotouristes, avides de visiter les vignes et les caves de &#8230;<\/p>\n\n<a class=\"gb-button gb-button-faa0cac2\" href=\"https:\/\/www.getariakotxakolina.eus\/fr\/visite-caves-de-txakoli-de-getaria\/\"><span class=\"gb-button-text\">En savoir plus<\/span><span class=\"gb-icon\"><svg viewbox=\"0 0 512 265.5\" version=\"1.1\" xmlns=\"http:\/\/www.w3.org\/2000\/svg\" data-name=\"Capa 1\" id=\"Capa_1\">    <path d=\"M4.4,130.9c2.5-8,8.7-9.5,16.2-9.5,146.6,0,293.2,0,439.9,0h7.3c-2.1-2.3-3.3-3.7-4.7-5-29-29.1-58-58.1-87.1-87.2-.9-.9-1.9-1.8-2.8-2.8-4.7-5.2-4.8-11.7-.4-16.3,4.4-4.5,10.9-4.5,16.3.1,1.1,1,2.1,2,3.2,3.1,36.2,36.2,72.4,72.4,108.7,108.6,8.1,8.1,8.2,13.6.2,21.6-36.8,36.8-73.6,73.6-110.4,110.4-5.9,5.9-12.2,6.7-17.3,2.1-4.3-3.8-5.1-9.9-1.8-14.6,1.4-2,3.2-3.8,4.9-5.5,28.9-28.9,57.8-57.9,86.8-86.8,1.2-1.2,2.4-2.5,4.6-4.8-3.2,0-5.2,0-7.2,0-146.8,0-293.6,0-440.3,0-7.1,0-12.8-1.7-15.9-8.7v-4.9Z\" class=\"cls-1\"><\/path> <\/svg><\/span><\/a>\n<\/div>\n<\/div><\/div>\n\n<div class=\"gb-grid-column gb-grid-column-6167910a gb-query-loop-item post-13761 post type-post status-publish format-standard has-post-thumbnail hentry category-enoturismoa\"><div class=\"gb-container gb-container-6167910a\">\n<div class=\"gb-container gb-container-1f6d44e7\" style=\"background-image: url(https:\/\/www.getariakotxakolina.eus\/wp-content\/uploads\/2023\/02\/Restaurants-Getariako-Txakolina-.jpg);\"><\/div>\n\n<div class=\"gb-container gb-container-6c58321f\">\n<h3 class=\"gb-headline gb-headline-e77d6ac6 gb-headline-text titulo-blog-cajas\"><a href=\"https:\/\/www.getariakotxakolina.eus\/fr\/vins-et-restaurants-de-txakoli\/\">Profiter d\u2019un bon repas dans une cave de txakoli: Restaurants dans caves de Getariako Txakolina<\/a><\/h3>\n\n<p class=\"gb-headline gb-headline-97d1a78b gb-headline-text texto-extracto-blog\">S\u2019il est un aspect qui distingue notre territoire, c\u2019est bien son excellente gastronomie et bien \u00e9videmment, notre txakoli. Dans plusieurs &#8230;<\/p>\n\n<a class=\"gb-button gb-button-faa0cac2\" href=\"https:\/\/www.getariakotxakolina.eus\/fr\/vins-et-restaurants-de-txakoli\/\"><span class=\"gb-button-text\">En savoir plus<\/span><span class=\"gb-icon\"><svg viewbox=\"0 0 512 265.5\" version=\"1.1\" xmlns=\"http:\/\/www.w3.org\/2000\/svg\" data-name=\"Capa 1\" id=\"Capa_1\">    <path d=\"M4.4,130.9c2.5-8,8.7-9.5,16.2-9.5,146.6,0,293.2,0,439.9,0h7.3c-2.1-2.3-3.3-3.7-4.7-5-29-29.1-58-58.1-87.1-87.2-.9-.9-1.9-1.8-2.8-2.8-4.7-5.2-4.8-11.7-.4-16.3,4.4-4.5,10.9-4.5,16.3.1,1.1,1,2.1,2,3.2,3.1,36.2,36.2,72.4,72.4,108.7,108.6,8.1,8.1,8.2,13.6.2,21.6-36.8,36.8-73.6,73.6-110.4,110.4-5.9,5.9-12.2,6.7-17.3,2.1-4.3-3.8-5.1-9.9-1.8-14.6,1.4-2,3.2-3.8,4.9-5.5,28.9-28.9,57.8-57.9,86.8-86.8,1.2-1.2,2.4-2.5,4.6-4.8-3.2,0-5.2,0-7.2,0-146.8,0-293.6,0-440.3,0-7.1,0-12.8-1.7-15.9-8.7v-4.9Z\" class=\"cls-1\"><\/path> <\/svg><\/span><\/a>\n<\/div>\n<\/div><\/div>\n\n<div class=\"gb-grid-column gb-grid-column-6167910a gb-query-loop-item post-13766 post type-post status-publish format-standard has-post-thumbnail hentry category-enoturismoa\"><div class=\"gb-container gb-container-6167910a\">\n<div class=\"gb-container gb-container-1f6d44e7\" style=\"background-image: url(https:\/\/www.getariakotxakolina.eus\/wp-content\/uploads\/2023\/02\/Caves-a-txakoli-avec-hotel.jpg);\"><\/div>\n\n<div class=\"gb-container gb-container-6c58321f\">\n<h3 class=\"gb-headline gb-headline-e77d6ac6 gb-headline-text titulo-blog-cajas\"><a href=\"https:\/\/www.getariakotxakolina.eus\/fr\/caves-a-txakoli-avec-hotel\/\">Dormir au milieu des vignes de txakoli: une exp\u00e9rience singuli\u00e8re d\u2019\u0153notourisme<\/a><\/h3>\n\n<p class=\"gb-headline gb-headline-97d1a78b gb-headline-text texto-extracto-blog\">Oui, en plus de\u00a0les visiter\u00a0ou de\u00a0vous restaurer dans certaines des caves de Getariako Txakolina, vous pouvez aussi dormir parmi les &#8230;<\/p>\n\n<a class=\"gb-button gb-button-faa0cac2\" href=\"https:\/\/www.getariakotxakolina.eus\/fr\/caves-a-txakoli-avec-hotel\/\"><span class=\"gb-button-text\">En savoir plus<\/span><span class=\"gb-icon\"><svg viewbox=\"0 0 512 265.5\" version=\"1.1\" xmlns=\"http:\/\/www.w3.org\/2000\/svg\" data-name=\"Capa 1\" id=\"Capa_1\">    <path d=\"M4.4,130.9c2.5-8,8.7-9.5,16.2-9.5,146.6,0,293.2,0,439.9,0h7.3c-2.1-2.3-3.3-3.7-4.7-5-29-29.1-58-58.1-87.1-87.2-.9-.9-1.9-1.8-2.8-2.8-4.7-5.2-4.8-11.7-.4-16.3,4.4-4.5,10.9-4.5,16.3.1,1.1,1,2.1,2,3.2,3.1,36.2,36.2,72.4,72.4,108.7,108.6,8.1,8.1,8.2,13.6.2,21.6-36.8,36.8-73.6,73.6-110.4,110.4-5.9,5.9-12.2,6.7-17.3,2.1-4.3-3.8-5.1-9.9-1.8-14.6,1.4-2,3.2-3.8,4.9-5.5,28.9-28.9,57.8-57.9,86.8-86.8,1.2-1.2,2.4-2.5,4.6-4.8-3.2,0-5.2,0-7.2,0-146.8,0-293.6,0-440.3,0-7.1,0-12.8-1.7-15.9-8.7v-4.9Z\" class=\"cls-1\"><\/path> <\/svg><\/span><\/a>\n<\/div>\n<\/div><\/div>\n<\/div>\n\n<\/div>\n<\/div>","protected":false},"excerpt":{"rendered":"<p>Tourisme du Vin<\/p>\n","protected":false},"author":1,"featured_media":0,"parent":0,"menu_order":0,"comment_status":"closed","ping_status":"closed","template":"","meta":{"_acf_changed":false,"footnotes":""},"class_list":["post-13913","page","type-page","status-publish"],"acf":[],"yoast_head":"<!-- This site is optimized with the Yoast SEO plugin v27.4 - https:\/\/yoast.com\/product\/yoast-seo-wordpress\/ -->\n<title>Tourisme du Vin - Getariako Txakolina<\/title>\n<meta name=\"robots\" content=\"index, follow, max-snippet:-1, max-image-preview:large, max-video-preview:-1\" \/>\n<link rel=\"canonical\" href=\"https:\/\/www.getariakotxakolina.eus\/fr\/tourisme-du-vin\/\" \/>\n<meta property=\"og:locale\" content=\"fr_FR\" \/>\n<meta property=\"og:type\" content=\"article\" \/>\n<meta property=\"og:title\" content=\"Tourisme du Vin - Getariako Txakolina\" \/>\n<meta property=\"og:description\" content=\"Tourisme du Vin\" \/>\n<meta property=\"og:url\" content=\"https:\/\/www.getariakotxakolina.eus\/fr\/tourisme-du-vin\/\" \/>\n<meta property=\"og:site_name\" content=\"Getariako Txakolina\" \/>\n<meta property=\"article:publisher\" content=\"https:\/\/www.facebook.com\/GetariakoTxakolinaDO\/\" \/>\n<meta property=\"article:modified_time\" content=\"2025-12-20T11:42:59+00:00\" \/>\n<meta property=\"og:image\" content=\"https:\/\/www.getariakotxakolina.eus\/wp-content\/uploads\/2025\/10\/Getariako-Txakolina-Jatorrizko-Deitura-datuetan-Denominacion-de-origen-en-datos.jpg\" \/>\n\t<meta property=\"og:image:width\" content=\"1920\" \/>\n\t<meta property=\"og:image:height\" content=\"932\" \/>\n\t<meta property=\"og:image:type\" content=\"image\/jpeg\" \/>\n<meta name=\"twitter:card\" content=\"summary_large_image\" \/>\n<meta name=\"twitter:label1\" content=\"Dur\u00e9e de lecture estim\u00e9e\" \/>\n\t<meta name=\"twitter:data1\" content=\"1 minute\" \/>\n<script type=\"application\/ld+json\" class=\"yoast-schema-graph\">{\"@context\":\"https:\\\/\\\/schema.org\",\"@graph\":[{\"@type\":\"WebPage\",\"@id\":\"https:\\\/\\\/www.getariakotxakolina.eus\\\/fr\\\/tourisme-du-vin\\\/\",\"url\":\"https:\\\/\\\/www.getariakotxakolina.eus\\\/fr\\\/tourisme-du-vin\\\/\",\"name\":\"Tourisme du Vin - Getariako Txakolina\",\"isPartOf\":{\"@id\":\"https:\\\/\\\/www.getariakotxakolina.eus\\\/fr\\\/#website\"},\"datePublished\":\"2025-08-28T11:54:31+00:00\",\"dateModified\":\"2025-12-20T11:42:59+00:00\",\"breadcrumb\":{\"@id\":\"https:\\\/\\\/www.getariakotxakolina.eus\\\/fr\\\/tourisme-du-vin\\\/#breadcrumb\"},\"inLanguage\":\"fr-FR\",\"potentialAction\":[{\"@type\":\"ReadAction\",\"target\":[\"https:\\\/\\\/www.getariakotxakolina.eus\\\/fr\\\/tourisme-du-vin\\\/\"]}]},{\"@type\":\"BreadcrumbList\",\"@id\":\"https:\\\/\\\/www.getariakotxakolina.eus\\\/fr\\\/tourisme-du-vin\\\/#breadcrumb\",\"itemListElement\":[{\"@type\":\"ListItem\",\"position\":1,\"name\":\"Portada\",\"item\":\"https:\\\/\\\/www.getariakotxakolina.eus\\\/fr\\\/\"},{\"@type\":\"ListItem\",\"position\":2,\"name\":\"Tourisme du Vin\"}]},{\"@type\":\"WebSite\",\"@id\":\"https:\\\/\\\/www.getariakotxakolina.eus\\\/fr\\\/#website\",\"url\":\"https:\\\/\\\/www.getariakotxakolina.eus\\\/fr\\\/\",\"name\":\"Txakol\u00ed de Getaria vino blanco con D.O. Getariako txakolina\",\"description\":\"El txakoli Denominaci\u00f3n de Origen Getariako Txakolina es un vino joven de graduaci\u00f3n moderada y equilibrada acidez.\",\"publisher\":{\"@id\":\"https:\\\/\\\/www.getariakotxakolina.eus\\\/fr\\\/#organization\"},\"alternateName\":\"Getariako txakolina\",\"potentialAction\":[{\"@type\":\"SearchAction\",\"target\":{\"@type\":\"EntryPoint\",\"urlTemplate\":\"https:\\\/\\\/www.getariakotxakolina.eus\\\/fr\\\/?s={search_term_string}\"},\"query-input\":{\"@type\":\"PropertyValueSpecification\",\"valueRequired\":true,\"valueName\":\"search_term_string\"}}],\"inLanguage\":\"fr-FR\"},{\"@type\":\"Organization\",\"@id\":\"https:\\\/\\\/www.getariakotxakolina.eus\\\/fr\\\/#organization\",\"name\":\"Getariako Txakolina\",\"alternateName\":\"Getariako Txakolina\",\"url\":\"https:\\\/\\\/www.getariakotxakolina.eus\\\/fr\\\/\",\"logo\":{\"@type\":\"ImageObject\",\"inLanguage\":\"fr-FR\",\"@id\":\"https:\\\/\\\/www.getariakotxakolina.eus\\\/fr\\\/#\\\/schema\\\/logo\\\/image\\\/\",\"url\":\"https:\\\/\\\/www.getariakotxakolina.eus\\\/wp-content\\\/uploads\\\/2025\\\/07\\\/Getariako-Txakolina-Logo.svg\",\"contentUrl\":\"https:\\\/\\\/www.getariakotxakolina.eus\\\/wp-content\\\/uploads\\\/2025\\\/07\\\/Getariako-Txakolina-Logo.svg\",\"width\":417,\"height\":83,\"caption\":\"Getariako Txakolina\"},\"image\":{\"@id\":\"https:\\\/\\\/www.getariakotxakolina.eus\\\/fr\\\/#\\\/schema\\\/logo\\\/image\\\/\"},\"sameAs\":[\"https:\\\/\\\/www.facebook.com\\\/GetariakoTxakolinaDO\\\/\",\"https:\\\/\\\/www.instagram.com\\\/getariakotxakolina_do\\\/\"]}]}<\/script>\n<!-- \/ Yoast SEO plugin. -->","yoast_head_json":{"title":"Tourisme du Vin - Getariako Txakolina","robots":{"index":"index","follow":"follow","max-snippet":"max-snippet:-1","max-image-preview":"max-image-preview:large","max-video-preview":"max-video-preview:-1"},"canonical":"https:\/\/www.getariakotxakolina.eus\/fr\/tourisme-du-vin\/","og_locale":"fr_FR","og_type":"article","og_title":"Tourisme du Vin - Getariako Txakolina","og_description":"Tourisme du Vin","og_url":"https:\/\/www.getariakotxakolina.eus\/fr\/tourisme-du-vin\/","og_site_name":"Getariako Txakolina","article_publisher":"https:\/\/www.facebook.com\/GetariakoTxakolinaDO\/","article_modified_time":"2025-12-20T11:42:59+00:00","og_image":[{"width":1920,"height":932,"url":"https:\/\/www.getariakotxakolina.eus\/wp-content\/uploads\/2025\/10\/Getariako-Txakolina-Jatorrizko-Deitura-datuetan-Denominacion-de-origen-en-datos.jpg","type":"image\/jpeg"}],"twitter_card":"summary_large_image","twitter_misc":{"Dur\u00e9e de lecture estim\u00e9e":"1 minute"},"schema":{"@context":"https:\/\/schema.org","@graph":[{"@type":"WebPage","@id":"https:\/\/www.getariakotxakolina.eus\/fr\/tourisme-du-vin\/","url":"https:\/\/www.getariakotxakolina.eus\/fr\/tourisme-du-vin\/","name":"Tourisme du Vin - Getariako Txakolina","isPartOf":{"@id":"https:\/\/www.getariakotxakolina.eus\/fr\/#website"},"datePublished":"2025-08-28T11:54:31+00:00","dateModified":"2025-12-20T11:42:59+00:00","breadcrumb":{"@id":"https:\/\/www.getariakotxakolina.eus\/fr\/tourisme-du-vin\/#breadcrumb"},"inLanguage":"fr-FR","potentialAction":[{"@type":"ReadAction","target":["https:\/\/www.getariakotxakolina.eus\/fr\/tourisme-du-vin\/"]}]},{"@type":"BreadcrumbList","@id":"https:\/\/www.getariakotxakolina.eus\/fr\/tourisme-du-vin\/#breadcrumb","itemListElement":[{"@type":"ListItem","position":1,"name":"Portada","item":"https:\/\/www.getariakotxakolina.eus\/fr\/"},{"@type":"ListItem","position":2,"name":"Tourisme du Vin"}]},{"@type":"WebSite","@id":"https:\/\/www.getariakotxakolina.eus\/fr\/#website","url":"https:\/\/www.getariakotxakolina.eus\/fr\/","name":"Txakol\u00ed de Getaria vino blanco con D.O. Getariako txakolina","description":"El txakoli Denominaci\u00f3n de Origen Getariako Txakolina es un vino joven de graduaci\u00f3n moderada y equilibrada acidez.","publisher":{"@id":"https:\/\/www.getariakotxakolina.eus\/fr\/#organization"},"alternateName":"Getariako txakolina","potentialAction":[{"@type":"SearchAction","target":{"@type":"EntryPoint","urlTemplate":"https:\/\/www.getariakotxakolina.eus\/fr\/?s={search_term_string}"},"query-input":{"@type":"PropertyValueSpecification","valueRequired":true,"valueName":"search_term_string"}}],"inLanguage":"fr-FR"},{"@type":"Organization","@id":"https:\/\/www.getariakotxakolina.eus\/fr\/#organization","name":"Getariako Txakolina","alternateName":"Getariako Txakolina","url":"https:\/\/www.getariakotxakolina.eus\/fr\/","logo":{"@type":"ImageObject","inLanguage":"fr-FR","@id":"https:\/\/www.getariakotxakolina.eus\/fr\/#\/schema\/logo\/image\/","url":"https:\/\/www.getariakotxakolina.eus\/wp-content\/uploads\/2025\/07\/Getariako-Txakolina-Logo.svg","contentUrl":"https:\/\/www.getariakotxakolina.eus\/wp-content\/uploads\/2025\/07\/Getariako-Txakolina-Logo.svg","width":417,"height":83,"caption":"Getariako Txakolina"},"image":{"@id":"https:\/\/www.getariakotxakolina.eus\/fr\/#\/schema\/logo\/image\/"},"sameAs":["https:\/\/www.facebook.com\/GetariakoTxakolinaDO\/","https:\/\/www.instagram.com\/getariakotxakolina_do\/"]}]}},"_links":{"self":[{"href":"https:\/\/www.getariakotxakolina.eus\/fr\/wp-json\/wp\/v2\/pages\/13913","targetHints":{"allow":["GET"]}}],"collection":[{"href":"https:\/\/www.getariakotxakolina.eus\/fr\/wp-json\/wp\/v2\/pages"}],"about":[{"href":"https:\/\/www.getariakotxakolina.eus\/fr\/wp-json\/wp\/v2\/types\/page"}],"author":[{"embeddable":true,"href":"https:\/\/www.getariakotxakolina.eus\/fr\/wp-json\/wp\/v2\/users\/1"}],"replies":[{"embeddable":true,"href":"https:\/\/www.getariakotxakolina.eus\/fr\/wp-json\/wp\/v2\/comments?post=13913"}],"version-history":[{"count":0,"href":"https:\/\/www.getariakotxakolina.eus\/fr\/wp-json\/wp\/v2\/pages\/13913\/revisions"}],"wp:attachment":[{"href":"https:\/\/www.getariakotxakolina.eus\/fr\/wp-json\/wp\/v2\/media?parent=13913"}],"curies":[{"name":"wp","href":"https:\/\/api.w.org\/{rel}","templated":true}]}}