{"id":13900,"date":"2025-10-17T12:45:25","date_gmt":"2025-10-17T10:45:25","guid":{"rendered":"https:\/\/www.getariakotxakolina.eus\/press-kit\/"},"modified":"2025-12-19T17:27:23","modified_gmt":"2025-12-19T16:27:23","slug":"press-kit","status":"publish","type":"page","link":"https:\/\/www.getariakotxakolina.eus\/en\/press-kit\/","title":{"rendered":"Press Kit"},"content":{"rendered":"<div class=\"gb-container gb-container-b6cce23f\">\n<div class=\"gb-container gb-container-6644e908\">\n\n<h1 class=\"gb-headline gb-headline-b06ece17 gb-headline-text h1-paginas-fondo-blanco\">Press Kit<\/h1>\n\n<\/div>\n<\/div>\n\n<div class=\"gb-container gb-container-3045d3a3\">\n\n<div class=\"gb-element-8f2f9f46\">\n<div class=\"gb-element-8cf22c12\">\n<p class=\"gb-text-6f05340b\"><span class=\"gb-shape\"><svg id=\"Capa_1\" xmlns=\"http:\/\/www.w3.org\/2000\/svg\" version=\"1.1\" viewBox=\"0 0 298 370\">\n  <!-- Generator: Adobe Illustrator 29.6.1, SVG Export Plug-In . SVG Version: 2.1.1 Build 9)  -->\n  <path d=\"M31.1,5.9h185.6c0,0,2.8,1.7,2.8,1.7l72.6,72.7.9,3.6v253.1c-1.3,15.1-12.9,26.8-28.1,28.1H33.1c-15.2-1.3-26.9-12.9-28.1-28.1V33c1.6-14.1,12-25.1,26.1-27.1ZM209,17.7H31.6c-.3,0-4.6,1.8-5.3,2.2-4.8,2.7-8.8,8.4-9.4,13.9v302.5c.7,8.6,7.6,15.6,16.1,16.8h231c5.7-.4,11.4-4,14.3-8.9s2.5-5.3,2.5-5.7V89.6h-46.1c-10.6,0-25.9-15.2-25.9-25.8V17.7ZM272,77.6l-51-50.9v36.3c0,2.6,4.3,8.3,6.4,10.1s6.5,4.5,8.3,4.5h36.4Z\"><\/path>\n  <path d=\"M105.3,113.7l146.1-.2c7.5.7,7.7,11.2,0,12H106.6c-6.9-.6-7.7-9.7-1.3-11.8Z\"><\/path>\n  <path d=\"M45.3,221.5l146.1-.2c7.5.7,7.7,11.2,0,12H46.6c-6.9-.6-7.7-9.7-1.3-11.8Z\"><\/path>\n  <path d=\"M45.3,149.6l122.1-.2c7.5.7,7.7,11.2,0,12H46.6c-6.9-.6-7.7-9.7-1.3-11.8Z\"><\/path>\n  <path d=\"M141.3,185.5l110.1-.2c7.5.7,7.7,11.2,0,12h-108.8c-6.9-.6-7.7-9.7-1.3-11.8Z\"><\/path>\n  <path d=\"M45.3,77.7l74.1-.2c7.5.7,7.7,11.2,0,12H46.6c-6.9-.6-7.7-9.7-1.3-11.8Z\"><\/path>\n  <path d=\"M45.3,185.5l74.1-.2c7.5.7,7.7,11.2,0,12H46.6c-6.9-.6-7.7-9.7-1.3-11.8Z\"><\/path>\n  <path d=\"M45.3,293.3l74.1-.2c7.5.7,7.7,11.2,0,12H46.6c-6.9-.6-7.7-9.7-1.3-11.8Z\"><\/path>\n  <path d=\"M189.3,149.6h62.8c6.9.9,6.6,11.4-.7,11.8h-61.5c-6.3-1-6.7-10.1-.6-11.8Z\"><\/path>\n  <path d=\"M117.3,257.4h62.8c6.9.9,6.6,11.4-.7,11.8h-61.5c-6.3-1-6.7-10.1-.6-11.8Z\"><\/path>\n  <path d=\"M141.3,293.3h62.8c6.9.9,6.6,11.4-.7,11.8h-61.5c-6.3-1-6.7-10.1-.6-11.8Z\"><\/path>\n  <path d=\"M45.3,257.4h50.8c6.6.9,6.6,10.8,0,11.8h-50.2c-6.3-.9-6.7-10-.6-11.8Z\"><\/path>\n  <path d=\"M201.3,257.4h50.8c6.6.9,6.6,10.8,0,11.8h-50.2c-6.3-.9-6.7-10-.6-11.8Z\"><\/path>\n  <path d=\"M45.3,113.7h38.8c6.6.9,6.6,10.8,0,11.8-11.4,1.7-26.4-1.1-38.2,0-6.3-.9-6.7-10-.6-11.8Z\"><\/path>\n  <path d=\"M213.3,221.5h38.8c6.6.9,6.6,10.8,0,11.8-11.4,1.7-26.4-1.1-38.2,0-6.3-.9-6.7-10-.6-11.8Z\"><\/path>\n  <path d=\"M225.3,293.3h27.4c6.1,1.7,5.7,10.9-.6,11.8s-18.6-.7-26.8-.1c-5.8-1.9-5.8-9.8,0-11.7Z\"><\/path>\n<\/svg><\/span><\/p>\n\n\n\n<p class=\"gb-text gb-text-6cfa806c\">Visual material<br>DO Logo and Bottle<\/p>\n\n\n\n<a class=\"gb-button gb-button-1464dd34\" href=\"https:\/\/www.getariakotxakolina.eus\/wp-content\/uploads\/2025\/10\/Material-visual-DO-Txakolina.zip\" download><span class=\"gb-button-text\">Download<\/span><span class=\"gb-icon\"><svg viewBox=\"0 0 265.5 512\" version=\"1.1\" xmlns=\"http:\/\/www.w3.org\/2000\/svg\" id=\"Capa_1\">      <path d=\"M144,20.9v447.2c2.3-2.1,3.7-3.3,5-4.7,29.1-29,58.1-58,87.2-87.1.9-.9,1.8-1.9,2.8-2.8,5.2-4.7,11.7-4.8,16.3-.4,4.5,4.4,4.5,10.9-.1,16.3-1,1.1-2,2.1-3.1,3.2-36.2,36.2-72.4,72.4-108.6,108.7-8.1,8.1-13.6,8.2-21.6.2-36.8-36.8-73.6-73.6-110.4-110.4-5.5-5.5-6.7-12.2-2.1-17.3,3.8-4.3,9.9-5.1,14.6-1.8,2,1.4,3.8,3.2,5.5,4.9,28.9,28.9,57.9,57.8,86.8,86.8,1.2,1.2,2.5,2.4,4.8,4.6V20.8c0-10.4,3.4-16.2,11.3-16.2s11.6,8.8,11.6,16.3h0Z\"><\/path> <\/svg><\/span><\/a>\n<\/div>\n\n\n\n<div class=\"gb-element-13a6fd20\">\n<p class=\"gb-text-40219845\"><span class=\"gb-shape\"><svg id=\"Capa_1\" xmlns=\"http:\/\/www.w3.org\/2000\/svg\" version=\"1.1\" viewBox=\"0 0 298 370\">\n  <!-- Generator: Adobe Illustrator 29.6.1, SVG Export Plug-In . SVG Version: 2.1.1 Build 9)  -->\n  <path d=\"M216.7,5.8l2.8,1.7,72.6,72.7.9,3.6v253.1c-1.5,16-12.2,26.5-28.1,28.1H33.1c-15.9-1.2-26.2-12.2-28.1-28.1V32.9c1.7-14.9,11.5-24.3,26.1-27.1,51.3-1.8,185.6,0,185.6,0ZM76.4,17.8h-39.5c-8.1,0-18.6,10.1-19.2,18.5v298.2c.8,9.4,9.8,18,19.2,18.5h224.9c5.9-.2,12.4-4.4,15.7-9.1.6-.9,3.4-6.6,3.4-7.1V89.5h-46.2c-1,0-25.7-1.9-25.9-25.8l-.3-46.3-75.7.4v133.2c0,.6-2.4,7.4-2.9,8.4-9.3,19.5-38.1,20.8-49.2,2.3-1.3-2.3-4.4-9.1-4.4-11.5V17.8ZM120.8,17.8h-32.3v12.1h32.3v-12.1ZM272,77.5l-51-50.5v35.9c0,5.2,10.5,14.6,14.7,14.6h36.3ZM120.8,41.9h-32.3v12.1h32.3v-12.1ZM120.8,65.3h-32.3v12.1h32.3v-12.1ZM120.8,89.5h-32.3v11.3h32.3v-11.3ZM120.8,112.9h-32.3v37.4c0,.5,2.1,4.9,2.7,5.6,6.9,10,22.3,9.6,27.8-1.4.3-.7,1.8-4,1.8-4.2v-37.4Z\"><\/path>\n  <path d=\"M187,276.7v22.3c0,.2-1.7,2.4-2,2.7-4.2,3.2-8.8.5-9.9-4.2v-70.2c.6-3.5,1.7-6,5.6-6.4,7.1-.7,23.7-.7,30.8,0,8,.9,15.4,7.5,18.1,15,1.9,5.2,1.8,20.4,0,25.6s-11.4,15.1-18.8,15.1h-23.7ZM211.4,232.9h-24.4v31.7h23.7c2.2,0,6.9-4.5,7.6-6.8s.7-15,.2-17.6c-.6-2.7-4.3-6.8-7-7.3Z\"><\/path>\n  <path d=\"M84.7,291h35.7c.6,0,2.9,2,3.3,2.7,2.4,4.2,0,8.9-4.9,9.3-14.1-1-30.4,1.5-44.3,0-7-.7-7.6-5.2-4.7-10.8,9.2-17.8,24.1-36.7,34.8-54.2s2.3-3.5,2.7-5.2h-34.2c-.2,0-3.4-1.9-3.7-2.3-3-3.4-.7-9.2,3.8-9.8h46.5c4.1.6,6.1,5.1,4.3,8.8l-39.3,61.3Z\"><\/path>\n  <path d=\"M142.8,301.4c-.8-.8-1.6-3.5-1.7-4.7v-70.2c.8-8.1,12-7.5,12.1.8v69.5c-.3,5.1-6.5,8.5-10.3,4.7Z\"><\/path>\n  <path d=\"M101,131.9c14.5-3,22,14.2,10.7,22.1-8.4,5.9-20.4-.7-19.4-11.2.4-4.4,4.3-10,8.7-10.9Z\"><\/path>\n<\/svg><\/span><\/p>\n\n\n\n<p class=\"gb-text gb-text-6c06bbc8\">Dossier<br>Designation of Origin<\/p>\n\n\n\n<a class=\"gb-button gb-button-4718e29e\" href=\"https:\/\/www.getariakotxakolina.eus\/wp-content\/uploads\/2025\/12\/Press-Kit-Getariako-Txakolina.pdf\" download><span class=\"gb-button-text\">Download<\/span><span class=\"gb-icon\"><svg viewBox=\"0 0 265.5 512\" version=\"1.1\" xmlns=\"http:\/\/www.w3.org\/2000\/svg\" id=\"Capa_1\">      <path d=\"M144,20.9v447.2c2.3-2.1,3.7-3.3,5-4.7,29.1-29,58.1-58,87.2-87.1.9-.9,1.8-1.9,2.8-2.8,5.2-4.7,11.7-4.8,16.3-.4,4.5,4.4,4.5,10.9-.1,16.3-1,1.1-2,2.1-3.1,3.2-36.2,36.2-72.4,72.4-108.6,108.7-8.1,8.1-13.6,8.2-21.6.2-36.8-36.8-73.6-73.6-110.4-110.4-5.5-5.5-6.7-12.2-2.1-17.3,3.8-4.3,9.9-5.1,14.6-1.8,2,1.4,3.8,3.2,5.5,4.9,28.9,28.9,57.9,57.8,86.8,86.8,1.2,1.2,2.5,2.4,4.8,4.6V20.8c0-10.4,3.4-16.2,11.3-16.2s11.6,8.8,11.6,16.3h0Z\"><\/path> <\/svg><\/span><\/a>\n<\/div>\n<\/div>\n\n<\/div>","protected":false},"excerpt":{"rendered":"<p>Press Kit Visual materialDO Logo and Bottle DossierDesignation of Origin<\/p>\n","protected":false},"author":1,"featured_media":0,"parent":0,"menu_order":0,"comment_status":"closed","ping_status":"closed","template":"","meta":{"_acf_changed":false,"footnotes":""},"class_list":["post-13900","page","type-page","status-publish"],"acf":[],"yoast_head":"<!-- This site is optimized with the Yoast SEO plugin v27.4 - https:\/\/yoast.com\/product\/yoast-seo-wordpress\/ -->\n<title>Press Kit - Getariako Txakolina<\/title>\n<meta name=\"robots\" content=\"index, follow, max-snippet:-1, max-image-preview:large, max-video-preview:-1\" \/>\n<link rel=\"canonical\" href=\"https:\/\/www.getariakotxakolina.eus\/en\/press-kit\/\" \/>\n<meta property=\"og:locale\" content=\"en_US\" \/>\n<meta property=\"og:type\" content=\"article\" \/>\n<meta property=\"og:title\" content=\"Press Kit - Getariako Txakolina\" \/>\n<meta property=\"og:description\" content=\"Press Kit Visual materialDO Logo and Bottle DossierDesignation of Origin\" \/>\n<meta property=\"og:url\" content=\"https:\/\/www.getariakotxakolina.eus\/en\/press-kit\/\" \/>\n<meta property=\"og:site_name\" content=\"Getariako Txakolina\" \/>\n<meta property=\"article:publisher\" content=\"https:\/\/www.facebook.com\/GetariakoTxakolinaDO\/\" \/>\n<meta property=\"article:modified_time\" content=\"2025-12-19T16:27:23+00:00\" \/>\n<meta property=\"og:image\" content=\"https:\/\/www.getariakotxakolina.eus\/wp-content\/uploads\/2025\/10\/Getariako-Txakolina-Jatorrizko-Deitura-datuetan-Denominacion-de-origen-en-datos.jpg\" \/>\n\t<meta property=\"og:image:width\" content=\"1920\" \/>\n\t<meta property=\"og:image:height\" content=\"932\" \/>\n\t<meta property=\"og:image:type\" content=\"image\/jpeg\" \/>\n<meta name=\"twitter:card\" content=\"summary_large_image\" \/>\n<meta name=\"twitter:label1\" content=\"Est. reading time\" \/>\n\t<meta name=\"twitter:data1\" content=\"1 minute\" \/>\n<script type=\"application\/ld+json\" class=\"yoast-schema-graph\">{\"@context\":\"https:\\\/\\\/schema.org\",\"@graph\":[{\"@type\":\"WebPage\",\"@id\":\"https:\\\/\\\/www.getariakotxakolina.eus\\\/en\\\/press-kit\\\/\",\"url\":\"https:\\\/\\\/www.getariakotxakolina.eus\\\/en\\\/press-kit\\\/\",\"name\":\"Press Kit - Getariako Txakolina\",\"isPartOf\":{\"@id\":\"https:\\\/\\\/www.getariakotxakolina.eus\\\/en\\\/#website\"},\"datePublished\":\"2025-10-17T10:45:25+00:00\",\"dateModified\":\"2025-12-19T16:27:23+00:00\",\"breadcrumb\":{\"@id\":\"https:\\\/\\\/www.getariakotxakolina.eus\\\/en\\\/press-kit\\\/#breadcrumb\"},\"inLanguage\":\"en-US\",\"potentialAction\":[{\"@type\":\"ReadAction\",\"target\":[\"https:\\\/\\\/www.getariakotxakolina.eus\\\/en\\\/press-kit\\\/\"]}]},{\"@type\":\"BreadcrumbList\",\"@id\":\"https:\\\/\\\/www.getariakotxakolina.eus\\\/en\\\/press-kit\\\/#breadcrumb\",\"itemListElement\":[{\"@type\":\"ListItem\",\"position\":1,\"name\":\"Portada\",\"item\":\"https:\\\/\\\/www.getariakotxakolina.eus\\\/en\\\/\"},{\"@type\":\"ListItem\",\"position\":2,\"name\":\"Press Kit\"}]},{\"@type\":\"WebSite\",\"@id\":\"https:\\\/\\\/www.getariakotxakolina.eus\\\/en\\\/#website\",\"url\":\"https:\\\/\\\/www.getariakotxakolina.eus\\\/en\\\/\",\"name\":\"Txakol\u00ed de Getaria vino blanco con D.O. Getariako txakolina\",\"description\":\"El txakoli Denominaci\u00f3n de Origen Getariako Txakolina es un vino joven de graduaci\u00f3n moderada y equilibrada acidez.\",\"publisher\":{\"@id\":\"https:\\\/\\\/www.getariakotxakolina.eus\\\/en\\\/#organization\"},\"alternateName\":\"Getariako txakolina\",\"potentialAction\":[{\"@type\":\"SearchAction\",\"target\":{\"@type\":\"EntryPoint\",\"urlTemplate\":\"https:\\\/\\\/www.getariakotxakolina.eus\\\/en\\\/?s={search_term_string}\"},\"query-input\":{\"@type\":\"PropertyValueSpecification\",\"valueRequired\":true,\"valueName\":\"search_term_string\"}}],\"inLanguage\":\"en-US\"},{\"@type\":\"Organization\",\"@id\":\"https:\\\/\\\/www.getariakotxakolina.eus\\\/en\\\/#organization\",\"name\":\"Getariako Txakolina\",\"alternateName\":\"Getariako Txakolina\",\"url\":\"https:\\\/\\\/www.getariakotxakolina.eus\\\/en\\\/\",\"logo\":{\"@type\":\"ImageObject\",\"inLanguage\":\"en-US\",\"@id\":\"https:\\\/\\\/www.getariakotxakolina.eus\\\/en\\\/#\\\/schema\\\/logo\\\/image\\\/\",\"url\":\"https:\\\/\\\/www.getariakotxakolina.eus\\\/wp-content\\\/uploads\\\/2025\\\/07\\\/Getariako-Txakolina-Logo.svg\",\"contentUrl\":\"https:\\\/\\\/www.getariakotxakolina.eus\\\/wp-content\\\/uploads\\\/2025\\\/07\\\/Getariako-Txakolina-Logo.svg\",\"width\":417,\"height\":83,\"caption\":\"Getariako Txakolina\"},\"image\":{\"@id\":\"https:\\\/\\\/www.getariakotxakolina.eus\\\/en\\\/#\\\/schema\\\/logo\\\/image\\\/\"},\"sameAs\":[\"https:\\\/\\\/www.facebook.com\\\/GetariakoTxakolinaDO\\\/\",\"https:\\\/\\\/www.instagram.com\\\/getariakotxakolina_do\\\/\"]}]}<\/script>\n<!-- \/ Yoast SEO plugin. -->","yoast_head_json":{"title":"Press Kit - Getariako Txakolina","robots":{"index":"index","follow":"follow","max-snippet":"max-snippet:-1","max-image-preview":"max-image-preview:large","max-video-preview":"max-video-preview:-1"},"canonical":"https:\/\/www.getariakotxakolina.eus\/en\/press-kit\/","og_locale":"en_US","og_type":"article","og_title":"Press Kit - Getariako Txakolina","og_description":"Press Kit Visual materialDO Logo and Bottle DossierDesignation of Origin","og_url":"https:\/\/www.getariakotxakolina.eus\/en\/press-kit\/","og_site_name":"Getariako Txakolina","article_publisher":"https:\/\/www.facebook.com\/GetariakoTxakolinaDO\/","article_modified_time":"2025-12-19T16:27:23+00:00","og_image":[{"width":1920,"height":932,"url":"https:\/\/www.getariakotxakolina.eus\/wp-content\/uploads\/2025\/10\/Getariako-Txakolina-Jatorrizko-Deitura-datuetan-Denominacion-de-origen-en-datos.jpg","type":"image\/jpeg"}],"twitter_card":"summary_large_image","twitter_misc":{"Est. reading time":"1 minute"},"schema":{"@context":"https:\/\/schema.org","@graph":[{"@type":"WebPage","@id":"https:\/\/www.getariakotxakolina.eus\/en\/press-kit\/","url":"https:\/\/www.getariakotxakolina.eus\/en\/press-kit\/","name":"Press Kit - Getariako Txakolina","isPartOf":{"@id":"https:\/\/www.getariakotxakolina.eus\/en\/#website"},"datePublished":"2025-10-17T10:45:25+00:00","dateModified":"2025-12-19T16:27:23+00:00","breadcrumb":{"@id":"https:\/\/www.getariakotxakolina.eus\/en\/press-kit\/#breadcrumb"},"inLanguage":"en-US","potentialAction":[{"@type":"ReadAction","target":["https:\/\/www.getariakotxakolina.eus\/en\/press-kit\/"]}]},{"@type":"BreadcrumbList","@id":"https:\/\/www.getariakotxakolina.eus\/en\/press-kit\/#breadcrumb","itemListElement":[{"@type":"ListItem","position":1,"name":"Portada","item":"https:\/\/www.getariakotxakolina.eus\/en\/"},{"@type":"ListItem","position":2,"name":"Press Kit"}]},{"@type":"WebSite","@id":"https:\/\/www.getariakotxakolina.eus\/en\/#website","url":"https:\/\/www.getariakotxakolina.eus\/en\/","name":"Txakol\u00ed de Getaria vino blanco con D.O. Getariako txakolina","description":"El txakoli Denominaci\u00f3n de Origen Getariako Txakolina es un vino joven de graduaci\u00f3n moderada y equilibrada acidez.","publisher":{"@id":"https:\/\/www.getariakotxakolina.eus\/en\/#organization"},"alternateName":"Getariako txakolina","potentialAction":[{"@type":"SearchAction","target":{"@type":"EntryPoint","urlTemplate":"https:\/\/www.getariakotxakolina.eus\/en\/?s={search_term_string}"},"query-input":{"@type":"PropertyValueSpecification","valueRequired":true,"valueName":"search_term_string"}}],"inLanguage":"en-US"},{"@type":"Organization","@id":"https:\/\/www.getariakotxakolina.eus\/en\/#organization","name":"Getariako Txakolina","alternateName":"Getariako Txakolina","url":"https:\/\/www.getariakotxakolina.eus\/en\/","logo":{"@type":"ImageObject","inLanguage":"en-US","@id":"https:\/\/www.getariakotxakolina.eus\/en\/#\/schema\/logo\/image\/","url":"https:\/\/www.getariakotxakolina.eus\/wp-content\/uploads\/2025\/07\/Getariako-Txakolina-Logo.svg","contentUrl":"https:\/\/www.getariakotxakolina.eus\/wp-content\/uploads\/2025\/07\/Getariako-Txakolina-Logo.svg","width":417,"height":83,"caption":"Getariako Txakolina"},"image":{"@id":"https:\/\/www.getariakotxakolina.eus\/en\/#\/schema\/logo\/image\/"},"sameAs":["https:\/\/www.facebook.com\/GetariakoTxakolinaDO\/","https:\/\/www.instagram.com\/getariakotxakolina_do\/"]}]}},"_links":{"self":[{"href":"https:\/\/www.getariakotxakolina.eus\/en\/wp-json\/wp\/v2\/pages\/13900","targetHints":{"allow":["GET"]}}],"collection":[{"href":"https:\/\/www.getariakotxakolina.eus\/en\/wp-json\/wp\/v2\/pages"}],"about":[{"href":"https:\/\/www.getariakotxakolina.eus\/en\/wp-json\/wp\/v2\/types\/page"}],"author":[{"embeddable":true,"href":"https:\/\/www.getariakotxakolina.eus\/en\/wp-json\/wp\/v2\/users\/1"}],"replies":[{"embeddable":true,"href":"https:\/\/www.getariakotxakolina.eus\/en\/wp-json\/wp\/v2\/comments?post=13900"}],"version-history":[{"count":0,"href":"https:\/\/www.getariakotxakolina.eus\/en\/wp-json\/wp\/v2\/pages\/13900\/revisions"}],"wp:attachment":[{"href":"https:\/\/www.getariakotxakolina.eus\/en\/wp-json\/wp\/v2\/media?parent=13900"}],"curies":[{"name":"wp","href":"https:\/\/api.w.org\/{rel}","templated":true}]}}